{"id":118385,"date":"2023-12-05T13:49:03","date_gmt":"2023-12-05T12:49:03","guid":{"rendered":"https:\/\/freiflaeche-berlin.com\/?page_id=118385"},"modified":"2024-01-30T17:36:58","modified_gmt":"2024-01-30T16:36:58","slug":"eventlocation","status":"publish","type":"page","link":"https:\/\/freiflaeche-berlin.com\/de\/eventlocation\/","title":{"rendered":"Eventlocation"},"content":{"rendered":"<div class=\"wpb-content-wrapper\"><p>[vc_row row_height_percent=&#8220;100&#8243; override_padding=&#8220;yes&#8220; h_padding=&#8220;2&#8243; top_padding=&#8220;5&#8243; bottom_padding=&#8220;5&#8243; back_color=&#8220;color-rgdb&#8220; back_image=&#8220;117826&#8243; back_position=&#8220;center bottom&#8220; kburns=&#8220;yes&#8220; overlay_color=&#8220;color-rgdb&#8220; overlay_alpha=&#8220;20&#8243; gutter_size=&#8220;3&#8243; column_width_percent=&#8220;100&#8243; shift_y=&#8220;0&#8243; z_index=&#8220;0&#8243; enable_bottom_divider=&#8220;default&#8220; bottom_divider=&#8220;gradient&#8220; shape_bottom_h_use_pixel=&#8220;true&#8220; shape_bottom_height_percent=&#8220;60&#8243; shape_bottom_color=&#8220;color-rgdb&#8220; shape_bottom_opacity=&#8220;100&#8243; shape_bottom_index=&#8220;0&#8243; uncode_shortcode_id=&#8220;907075&#8243; back_color_type=&#8220;uncode-palette&#8220; overlay_color_type=&#8220;uncode-palette&#8220; shape_bottom_color_type=&#8220;uncode-palette&#8220;][vc_column column_width_use_pixel=&#8220;yes&#8220; position_vertical=&#8220;middle&#8220; align_horizontal=&#8220;align_center&#8220; gutter_size=&#8220;3&#8243; style=&#8220;dark&#8220; overlay_alpha=&#8220;50&#8243; shift_x=&#8220;0&#8243; shift_y=&#8220;0&#8243; shift_y_down=&#8220;0&#8243; z_index=&#8220;0&#8243; medium_width=&#8220;0&#8243; mobile_width=&#8220;0&#8243; css_animation=&#8220;bottom-t-top&#8220; animation_speed=&#8220;1000&#8243; animation_delay=&#8220;200&#8243; width=&#8220;1\/1&#8243; uncode_shortcode_id=&#8220;200034&#8243; column_width_pixel=&#8220;1000&#8243;][vc_custom_heading heading_semantic=&#8220;h1&#8243; text_font=&#8220;font-297081&#8243; text_size=&#8220;fontsize-338686&#8243; sub_lead=&#8220;yes&#8220; css_animation=&#8220;curtain&#8220; animation_speed=&#8220;1000&#8243; animation_delay=&#8220;100&#8243; interval_animation=&#8220;100&#8243; uncode_shortcode_id=&#8220;998885&#8243; subheading=&#8220;Unser wundersch\u00f6ne Eventlocation befindet sich im Herzen von Berlin, zwischen Potsdamer Platz und Kurf\u00fcrstendamm und ist ideal f\u00fcr Veranstaltungen bis 80 Personen geeignet. Hier verschmelzen innovatives und individuell anpassbares Design mit modernster Technologie und all dem in-house-Support den Sie ben\u00f6tigen. &#8222;]Eine exklusiven Eventlocation f\u00fcr <span class=\"split-word uncode-rotating-span uncode-rotating-text-start\" data-text=\"Konferenzen|Tagungen|Seminare|Hybride Events|Workshops\" data-fx=\"zoom\">&nbsp;<\/span><span class=\"split-word word1\"><span class=\"split-word-flow\"><span class=\"split-word-inner\"><span class=\"split-char char92\">W<\/span><span class=\"split-char char93\">o<\/span><span class=\"split-char char94\">r<\/span><span class=\"split-char char95\">k<\/span><span class=\"split-char char96\">s<\/span><span class=\"split-char char97\">h<\/span><span class=\"split-char char98\">o<\/span><span class=\"split-char char99\">p<\/span><span class=\"split-char char100\">s<\/span><\/span><\/span><\/span><span class=\"split-word uncode-rotating-span uncode-rotating-text-end\">&nbsp;<\/span>[\/vc_custom_heading][\/vc_column][\/vc_row][vc_row row_height_percent=&#8220;0&#8243; override_padding=&#8220;yes&#8220; h_padding=&#8220;2&#8243; top_padding=&#8220;5&#8243; bottom_padding=&#8220;5&#8243; overlay_alpha=&#8220;50&#8243; gutter_size=&#8220;4&#8243; column_width_percent=&#8220;100&#8243; shift_y=&#8220;0&#8243; z_index=&#8220;0&#8243; uncode_shortcode_id=&#8220;124396&#8243;][vc_column column_width_percent=&#8220;100&#8243; gutter_size=&#8220;3&#8243; overlay_alpha=&#8220;50&#8243; shift_x=&#8220;0&#8243; shift_y=&#8220;0&#8243; shift_y_down=&#8220;0&#8243; z_index=&#8220;0&#8243; medium_width=&#8220;4&#8243; mobile_width=&#8220;0&#8243; width=&#8220;6\/12&#8243; el_class=&#8220;image-card image-card-triple&#8220; uncode_shortcode_id=&#8220;327674&#8243;][vc_single_image media=&#8220;118161&#8243; media_width_percent=&#8220;100&#8243; media_ratio=&#8220;one-one&#8220; alignment=&#8220;right&#8220; uncode_shortcode_id=&#8220;294334&#8243; media_link=&#8220;url:https%3A%2F%2Ffreiflaeche-berlin.com%2Fevent-space%2Fworkshop-meetingrooms%2F|title:Workshop%20%26%20Meeting%20Rooms%20Berlin&#8220;][vc_single_image media=&#8220;118261&#8243; media_width_percent=&#8220;100&#8243; media_ratio=&#8220;one-one&#8220; alignment=&#8220;right&#8220; css_animation=&#8220;parallax&#8220; parallax_intensity=&#8220;2&#8243; uncode_shortcode_id=&#8220;980704&#8243; media_link=&#8220;url:https%3A%2F%2Ffreiflaeche-berlin.com%2Fevent-space%2Fworkshop-meetingrooms%2F|title:Workshop%20%26%20Meeting%20Rooms%20Berlin&#8220;][vc_single_image media=&#8220;118160&#8243; media_width_percent=&#8220;100&#8243; media_ratio=&#8220;one-one&#8220; alignment=&#8220;right&#8220; css_animation=&#8220;parallax&#8220; parallax_intensity=&#8220;3&#8243; uncode_shortcode_id=&#8220;187214&#8243; media_link=&#8220;url:https%3A%2F%2Ffreiflaeche-berlin.com%2Fevent-space%2Fworkshop-meetingrooms%2F|title:Conferences%20%26%20Presentations&#8220;][uncode_vertical_text vertical_text_h_pos=&#8220;-1&#8243; z_index=&#8220;0&#8243; text_font=&#8220;font-297081&#8243; text_size=&#8220;h6&#8243; text_weight=&#8220;400&#8243; text_transform=&#8220;uppercase&#8220; text_space=&#8220;fontspace-210350&#8243; medium_visibility=&#8220;yes&#8220; mobile_visibility=&#8220;yes&#8220; uncode_shortcode_id=&#8220;158187&#8243;]Workshop &amp; Meeting Rooms[\/uncode_vertical_text][\/vc_column][vc_column column_width_percent=&#8220;100&#8243; position_horizontal=&#8220;left&#8220; position_vertical=&#8220;middle&#8220; gutter_size=&#8220;3&#8243; font_family=&#8220;font-339240&#8243; overlay_alpha=&#8220;50&#8243; shift_x=&#8220;0&#8243; shift_y=&#8220;0&#8243; shift_y_down=&#8220;0&#8243; z_index=&#8220;0&#8243; medium_width=&#8220;4&#8243; align_mobile=&#8220;align_center_mobile&#8220; mobile_width=&#8220;0&#8243; width=&#8220;6\/12&#8243; uncode_shortcode_id=&#8220;573911&#8243;][vc_custom_heading text_font=&#8220;font-297081&#8243; text_size=&#8220;fontsize-155944&#8243; sub_lead=&#8220;yes&#8220; subheading=&#8220;Veranstalten Sie Ihren n\u00e4chsten Workshop oder das n\u00e4chste Meeting in unserem wundersch\u00f6nen R\u00e4umen im Herzen von Berlin. Wir sind perfekt f\u00fcr Workshops und Meetings mit 15 bis 25 Personen ausgestattet und k\u00f6nnen verschiedene Bestuhlungen anbieten, wie z.B. U-Form, Block oder jede andere Anordnung, die ein agiles Arbeiten f\u00f6rdert. Durch unser modernes Design und die Verwendung von vielen ma\u00dfgeschneiderten Holzelementen (die auch als Akustikelemente dienen) entsteht eine ganz besondere Atmosph\u00e4re die zum kreativen Arbeiten einl\u00e4dt.&#8220; uncode_shortcode_id=&#8220;124049&#8243;]Workshop- &#038; Meetingr\u00e4ume[\/vc_custom_heading][vc_button button_color=&#8220;accent&#8220; size=&#8220;btn-lg&#8220; outline=&#8220;yes&#8220; text_skin=&#8220;yes&#8220; custom_typo=&#8220;yes&#8220; font_family=&#8220;font-297081&#8243; font_weight=&#8220;600&#8243; border_width=&#8220;0&#8243; link=&#8220;url:https%3A%2F%2Ffreiflaeche-berlin.com%2Fevent-space%2Fworkshop-meetingrooms%2F|title:Workshop%20%26%20Meeting%20Rooms&#8220; button_color_type=&#8220;uncode-palette&#8220; uncode_shortcode_id=&#8220;698945&#8243;]MEHR INFORMATIONEN[\/vc_button][\/vc_column][\/vc_row][vc_row row_height_percent=&#8220;0&#8243; override_padding=&#8220;yes&#8220; h_padding=&#8220;2&#8243; top_padding=&#8220;5&#8243; bottom_padding=&#8220;5&#8243; back_color=&#8220;color-lxmt&#8220; overlay_alpha=&#8220;50&#8243; gutter_size=&#8220;4&#8243; column_width_percent=&#8220;100&#8243; shift_y=&#8220;0&#8243; z_index=&#8220;0&#8243; inverted_device_order=&#8220;yes&#8220; uncode_shortcode_id=&#8220;719560&#8243; back_color_type=&#8220;uncode-palette&#8220;][vc_column column_width_percent=&#8220;100&#8243; position_horizontal=&#8220;left&#8220; position_vertical=&#8220;middle&#8220; gutter_size=&#8220;3&#8243; font_family=&#8220;font-339240&#8243; overlay_alpha=&#8220;50&#8243; shift_x=&#8220;0&#8243; shift_y=&#8220;0&#8243; shift_y_down=&#8220;0&#8243; z_index=&#8220;0&#8243; medium_width=&#8220;4&#8243; align_mobile=&#8220;align_center_mobile&#8220; mobile_width=&#8220;0&#8243; width=&#8220;1\/2&#8243; uncode_shortcode_id=&#8220;910195&#8243;][vc_custom_heading text_font=&#8220;font-297081&#8243; text_size=&#8220;fontsize-155944&#8243; sub_lead=&#8220;yes&#8220; subheading=&#8220;Die FreiFl\u00e4che Berlin ist die ideale Location f\u00fcr Konferenzen, Seminare und Tagungen mit bis zu 80 Personen. Unsere R\u00e4ume bestechen durch ihr warmes, modernes und nachhaltiges Design und schaffen eine Athmosph\u00e4re die sie nur selten in anderen Locations finden werden.<\/p>\n<p>Aus der Videoproduktion stammend haben wir bei der Gestaltung der Location von Beginn an auf eine professionelle Audio- und Video-Technik gesetzt die ihnen eine perfekte Bild- und Tonqualit\u00e4t bietet und sich ideal f\u00fcr hybride Event eignet.&#8220; uncode_shortcode_id=&#8220;185641&#8243; text_color_type=&#8220;uncode-palette&#8220; text_color_solid=&#8220;#ff0000&#8243;]<a href=\"https:\/\/freiflaeche-berlin.com\/de\/eventlocation\/konferenz-tagungsraum\/\">Konferenz- und Tagungsr\u00e4ume<\/a>[\/vc_custom_heading][vc_button button_color=&#8220;accent&#8220; size=&#8220;btn-lg&#8220; outline=&#8220;yes&#8220; text_skin=&#8220;yes&#8220; custom_typo=&#8220;yes&#8220; font_family=&#8220;font-297081&#8243; font_weight=&#8220;600&#8243; border_width=&#8220;0&#8243; link=&#8220;url:https%3A%2F%2Ffreiflaeche-berlin.com%2Fde%2Feventlocation%2Fkonferenz-tagungsraum%2F|title:Boutique%20Conference%20Space%20in%20Berlin&#8220; button_color_type=&#8220;uncode-palette&#8220; uncode_shortcode_id=&#8220;889257&#8243;]MEHR INFORMATIONEN[\/vc_button][\/vc_column][vc_column column_width_percent=&#8220;100&#8243; gutter_size=&#8220;3&#8243; overlay_alpha=&#8220;50&#8243; shift_x=&#8220;0&#8243; shift_y=&#8220;0&#8243; shift_y_down=&#8220;0&#8243; z_index=&#8220;0&#8243; medium_width=&#8220;4&#8243; mobile_width=&#8220;0&#8243; width=&#8220;1\/2&#8243; el_class=&#8220;image-card image-card-inverted image-card-triple&#8220; uncode_shortcode_id=&#8220;222494&#8243;][vc_single_image media=&#8220;117828&#8243; media_width_percent=&#8220;100&#8243; media_ratio=&#8220;one-one&#8220; alignment=&#8220;right&#8220; uncode_shortcode_id=&#8220;899602&#8243; media_link=&#8220;url:https%3A%2F%2Ffreiflaeche-berlin.com%2Fde%2Feventlocation%2Fkonferenz-tagungsraum%2F|title:Konferenz-%20und%20Tagungsr%C3%A4ume%20in%20Berlin&#8220;][vc_single_image media=&#8220;118255&#8243; media_width_percent=&#8220;100&#8243; media_ratio=&#8220;one-one&#8220; alignment=&#8220;center&#8220; css_animation=&#8220;parallax&#8220; parallax_intensity=&#8220;2&#8243; uncode_shortcode_id=&#8220;145902&#8243; media_link=&#8220;url:https%3A%2F%2Ffreiflaeche-berlin.com%2Fde%2Feventlocation%2Fkonferenz-tagungsraum%2F|title:Konferenz-%20und%20Tagungsr%C3%A4ume%20in%20Berlin&#8220;][vc_single_image media=&#8220;118256&#8243; media_width_percent=&#8220;100&#8243; media_ratio=&#8220;one-one&#8220; alignment=&#8220;right&#8220; css_animation=&#8220;parallax&#8220; parallax_intensity=&#8220;3&#8243; uncode_shortcode_id=&#8220;188949&#8243; media_link=&#8220;url:https%3A%2F%2Ffreiflaeche-berlin.com%2Fde%2Feventlocation%2Fkonferenz-tagungsraum%2F|title:Konferenz-%20und%20Tagungsr%C3%A4ume%20in%20Berlin&#8220;][uncode_vertical_text position=&#8220;right&#8220; flip=&#8220;yes&#8220; vertical_text_h_pos=&#8220;1&#8243; z_index=&#8220;0&#8243; text_font=&#8220;font-339240&#8243; text_size=&#8220;h6&#8243; text_weight=&#8220;400&#8243; text_transform=&#8220;uppercase&#8220; text_space=&#8220;fontspace-210350&#8243; medium_visibility=&#8220;yes&#8220; mobile_visibility=&#8220;yes&#8220; uncode_shortcode_id=&#8220;158875&#8243;]Eventspace Berlin[\/uncode_vertical_text][\/vc_column][\/vc_row][vc_row row_height_percent=&#8220;0&#8243; override_padding=&#8220;yes&#8220; h_padding=&#8220;2&#8243; top_padding=&#8220;5&#8243; bottom_padding=&#8220;5&#8243; overlay_alpha=&#8220;50&#8243; gutter_size=&#8220;4&#8243; column_width_percent=&#8220;100&#8243; shift_y=&#8220;0&#8243; z_index=&#8220;0&#8243; uncode_shortcode_id=&#8220;124396&#8243;][vc_column column_width_percent=&#8220;100&#8243; gutter_size=&#8220;3&#8243; overlay_alpha=&#8220;50&#8243; shift_x=&#8220;0&#8243; shift_y=&#8220;0&#8243; shift_y_down=&#8220;0&#8243; z_index=&#8220;0&#8243; medium_width=&#8220;4&#8243; mobile_width=&#8220;0&#8243; width=&#8220;6\/12&#8243; el_class=&#8220;image-card image-card-triple&#8220; uncode_shortcode_id=&#8220;327674&#8243;][vc_single_image media=&#8220;117731&#8243; media_width_percent=&#8220;100&#8243; media_ratio=&#8220;one-one&#8220; alignment=&#8220;right&#8220; uncode_shortcode_id=&#8220;173899&#8243; media_link=&#8220;url:https%3A%2F%2Ffreiflaeche-berlin.com%2Fevent-space%2Flivestreams-hybrid-events%2F|title:Livestream%20%26%20Hybrid%20Event%20Space&#8220;][vc_single_image media=&#8220;118049&#8243; media_width_percent=&#8220;100&#8243; media_ratio=&#8220;one-one&#8220; alignment=&#8220;right&#8220; css_animation=&#8220;parallax&#8220; parallax_intensity=&#8220;2&#8243; uncode_shortcode_id=&#8220;103068&#8243; media_link=&#8220;url:https%3A%2F%2Ffreiflaeche-berlin.com%2Fevent-space%2Flivestreams-hybrid-events%2F|title:Livestream%20%26%20Hybrid-Event%20Space%20in%20Berlin&#8220;][vc_single_image media=&#8220;118084&#8243; media_width_percent=&#8220;100&#8243; media_ratio=&#8220;one-one&#8220; alignment=&#8220;right&#8220; css_animation=&#8220;parallax&#8220; parallax_intensity=&#8220;3&#8243; uncode_shortcode_id=&#8220;209656&#8243; media_link=&#8220;url:https%3A%2F%2Ffreiflaeche-berlin.com%2Fevent-space%2Flivestreams-hybrid-events%2F|title:Livestream%20%26%20Hybrid-Event%20Space&#8220;][uncode_vertical_text vertical_text_h_pos=&#8220;-1&#8243; z_index=&#8220;0&#8243; text_font=&#8220;font-297081&#8243; text_size=&#8220;h6&#8243; text_weight=&#8220;400&#8243; text_transform=&#8220;uppercase&#8220; text_space=&#8220;fontspace-210350&#8243; medium_visibility=&#8220;yes&#8220; mobile_visibility=&#8220;yes&#8220; uncode_shortcode_id=&#8220;496816&#8243;]Hybrid Eventspace Berlin[\/uncode_vertical_text][\/vc_column][vc_column column_width_percent=&#8220;100&#8243; position_horizontal=&#8220;left&#8220; position_vertical=&#8220;middle&#8220; gutter_size=&#8220;3&#8243; font_family=&#8220;font-339240&#8243; overlay_alpha=&#8220;50&#8243; shift_x=&#8220;0&#8243; shift_y=&#8220;0&#8243; shift_y_down=&#8220;0&#8243; z_index=&#8220;0&#8243; medium_width=&#8220;4&#8243; align_mobile=&#8220;align_center_mobile&#8220; mobile_width=&#8220;0&#8243; width=&#8220;6\/12&#8243; uncode_shortcode_id=&#8220;573911&#8243;][vc_custom_heading text_font=&#8220;font-297081&#8243; text_size=&#8220;fontsize-155944&#8243; sub_lead=&#8220;yes&#8220; subheading=&#8220;Wie bereits erw\u00e4hnt haben wir das streamen von Veranstaltungen und die Zuschaltung von Remote-Sprecher:innen von vornherein mitgedacht. Mit einem perfekt aufeinander abgestimmten Audio- und Videosystem wird der Livestream oder das Hybrid-Event zum Kinderspiel. Klarer Ton, perfektes Bild und keine R\u00fcckkopplung. Dar\u00fcber hinaus steht unsere in-house Videoteam immer beratend zur Seite und wei\u00df was zu tun ist. &#8220; uncode_shortcode_id=&#8220;123806&#8243;]Livestream Eventlocation [\/vc_custom_heading][vc_button button_color=&#8220;accent&#8220; size=&#8220;btn-lg&#8220; outline=&#8220;yes&#8220; text_skin=&#8220;yes&#8220; custom_typo=&#8220;yes&#8220; font_family=&#8220;font-297081&#8243; font_weight=&#8220;600&#8243; border_width=&#8220;0&#8243; link=&#8220;url:https%3A%2F%2Ffreiflaeche-berlin.com%2Fevent-space%2Flivestreams-hybrid-events%2F|title:Livestream%20%26%20Hybrid-Event%20Space%20in%20Berlin&#8220; button_color_type=&#8220;uncode-palette&#8220; uncode_shortcode_id=&#8220;625181&#8243;]More Information[\/vc_button][\/vc_column][\/vc_row][vc_row row_height_percent=&#8220;0&#8243; override_padding=&#8220;yes&#8220; h_padding=&#8220;2&#8243; top_padding=&#8220;5&#8243; bottom_padding=&#8220;5&#8243; back_color=&#8220;color-lxmt&#8220; overlay_alpha=&#8220;50&#8243; gutter_size=&#8220;4&#8243; column_width_percent=&#8220;100&#8243; shift_y=&#8220;0&#8243; z_index=&#8220;0&#8243; inverted_device_order=&#8220;yes&#8220; uncode_shortcode_id=&#8220;719560&#8243; back_color_type=&#8220;uncode-palette&#8220;][vc_column column_width_percent=&#8220;100&#8243; position_horizontal=&#8220;left&#8220; position_vertical=&#8220;middle&#8220; gutter_size=&#8220;3&#8243; font_family=&#8220;font-339240&#8243; overlay_alpha=&#8220;50&#8243; shift_x=&#8220;0&#8243; shift_y=&#8220;0&#8243; shift_y_down=&#8220;0&#8243; z_index=&#8220;0&#8243; medium_width=&#8220;4&#8243; align_mobile=&#8220;align_center_mobile&#8220; mobile_width=&#8220;0&#8243; width=&#8220;1\/2&#8243; uncode_shortcode_id=&#8220;910195&#8243;][vc_custom_heading text_font=&#8220;font-297081&#8243; text_size=&#8220;fontsize-155944&#8243; sub_lead=&#8220;yes&#8220; subheading=&#8220;Elevate your event experience with our in-house event catering services. From business lunches to elaborate buffets, we cater to your needs and move in synchronicity with your event schedule. All of our products are organic and locally sourced, always aiming for seasonal produce, and we cater to all dietary preferences, providing nourishing meals to fuel your event. Our masterful chefs bring the quality and expertise in culinary to match your level of professionalism.&#8220; uncode_shortcode_id=&#8220;817773&#8243;]Inhouse Event-Catering[\/vc_custom_heading][vc_button button_color=&#8220;accent&#8220; size=&#8220;btn-lg&#8220; outline=&#8220;yes&#8220; text_skin=&#8220;yes&#8220; custom_typo=&#8220;yes&#8220; font_family=&#8220;font-297081&#8243; font_weight=&#8220;600&#8243; border_width=&#8220;0&#8243; link=&#8220;url:https%3A%2F%2Ffreiflaeche-berlin.com%2Fde%2Feventlocation%2Fkonferenz-tagungsraum%2F|title:Konferenz-%20und%20Tagungsr%C3%A4ume%20in%20Berlin&#8220; button_color_type=&#8220;uncode-palette&#8220; uncode_shortcode_id=&#8220;148572&#8243;]JETZT ANFRAGEN[\/vc_button][\/vc_column][vc_column column_width_percent=&#8220;100&#8243; gutter_size=&#8220;3&#8243; overlay_alpha=&#8220;50&#8243; shift_x=&#8220;0&#8243; shift_y=&#8220;0&#8243; shift_y_down=&#8220;0&#8243; z_index=&#8220;0&#8243; medium_width=&#8220;4&#8243; mobile_width=&#8220;0&#8243; width=&#8220;1\/2&#8243; el_class=&#8220;image-card image-card-inverted image-card-triple&#8220; uncode_shortcode_id=&#8220;222494&#8243;][vc_single_image media=&#8220;118258&#8243; media_width_percent=&#8220;100&#8243; media_ratio=&#8220;one-one&#8220; alignment=&#8220;right&#8220; uncode_shortcode_id=&#8220;105776&#8243;][vc_single_image media=&#8220;117770&#8243; media_width_percent=&#8220;100&#8243; media_ratio=&#8220;one-one&#8220; alignment=&#8220;center&#8220; css_animation=&#8220;parallax&#8220; parallax_intensity=&#8220;2&#8243; uncode_shortcode_id=&#8220;166498&#8243;][vc_single_image media=&#8220;118257&#8243; media_width_percent=&#8220;100&#8243; media_ratio=&#8220;one-one&#8220; alignment=&#8220;right&#8220; css_animation=&#8220;parallax&#8220; parallax_intensity=&#8220;3&#8243; uncode_shortcode_id=&#8220;173801&#8243; media_link=&#8220;url:https%3A%2F%2Ffreiflaeche-berlin.com%2Feventspace%2Fworkshops-meetings%2F|title:Workshops%20%26%20Meetings&#8220;][uncode_vertical_text position=&#8220;right&#8220; flip=&#8220;yes&#8220; vertical_text_h_pos=&#8220;1&#8243; z_index=&#8220;0&#8243; text_font=&#8220;font-339240&#8243; text_size=&#8220;h6&#8243; text_weight=&#8220;400&#8243; text_transform=&#8220;uppercase&#8220; text_space=&#8220;fontspace-210350&#8243; medium_visibility=&#8220;yes&#8220; mobile_visibility=&#8220;yes&#8220; uncode_shortcode_id=&#8220;154375&#8243;]Sustainable Event Catering[\/uncode_vertical_text][\/vc_column][\/vc_row][vc_row row_height_percent=&#8220;0&#8243; override_padding=&#8220;yes&#8220; h_padding=&#8220;2&#8243; top_padding=&#8220;5&#8243; bottom_padding=&#8220;5&#8243; overlay_alpha=&#8220;50&#8243; gutter_size=&#8220;4&#8243; column_width_percent=&#8220;100&#8243; shift_y=&#8220;0&#8243; z_index=&#8220;0&#8243; uncode_shortcode_id=&#8220;124396&#8243;][vc_column column_width_percent=&#8220;100&#8243; gutter_size=&#8220;3&#8243; overlay_alpha=&#8220;50&#8243; shift_x=&#8220;0&#8243; shift_y=&#8220;0&#8243; shift_y_down=&#8220;0&#8243; z_index=&#8220;0&#8243; medium_width=&#8220;4&#8243; mobile_width=&#8220;0&#8243; width=&#8220;6\/12&#8243; el_class=&#8220;image-card image-card-triple&#8220; uncode_shortcode_id=&#8220;327674&#8243;][vc_single_image media=&#8220;117731&#8243; media_width_percent=&#8220;100&#8243; media_ratio=&#8220;one-one&#8220; alignment=&#8220;right&#8220; uncode_shortcode_id=&#8220;983466&#8243; media_link=&#8220;url:https%3A%2F%2Ffreiflaeche-berlin.com%2Fcontact%2F|title:Boutique%20Eventspace%20-%20Contact&#8220;][vc_single_image media=&#8220;118049&#8243; media_width_percent=&#8220;100&#8243; media_ratio=&#8220;one-one&#8220; alignment=&#8220;right&#8220; css_animation=&#8220;parallax&#8220; parallax_intensity=&#8220;2&#8243; uncode_shortcode_id=&#8220;655489&#8243; media_link=&#8220;url:https%3A%2F%2Ffreiflaeche-berlin.com%2Fcontact%2F|title:Boutique%20Eventspace%20-%20Contact&#8220;][vc_single_image media=&#8220;117828&#8243; media_width_percent=&#8220;100&#8243; media_ratio=&#8220;one-one&#8220; alignment=&#8220;right&#8220; css_animation=&#8220;parallax&#8220; parallax_intensity=&#8220;3&#8243; uncode_shortcode_id=&#8220;340897&#8243; media_link=&#8220;url:https%3A%2F%2Ffreiflaeche-berlin.com%2Fcontact%2F|title:Boutique%20Eventspace%20-%20Contact&#8220;][uncode_vertical_text vertical_text_h_pos=&#8220;-1&#8243; z_index=&#8220;0&#8243; text_font=&#8220;font-297081&#8243; text_size=&#8220;h6&#8243; text_weight=&#8220;400&#8243; text_transform=&#8220;uppercase&#8220; text_space=&#8220;fontspace-210350&#8243; medium_visibility=&#8220;yes&#8220; mobile_visibility=&#8220;yes&#8220; uncode_shortcode_id=&#8220;166490&#8243;]Conferences &amp; Presentations[\/uncode_vertical_text][\/vc_column][vc_column column_width_percent=&#8220;100&#8243; position_horizontal=&#8220;left&#8220; position_vertical=&#8220;middle&#8220; gutter_size=&#8220;3&#8243; font_family=&#8220;font-339240&#8243; overlay_alpha=&#8220;50&#8243; shift_x=&#8220;0&#8243; shift_y=&#8220;0&#8243; shift_y_down=&#8220;0&#8243; z_index=&#8220;0&#8243; medium_width=&#8220;4&#8243; align_mobile=&#8220;align_center_mobile&#8220; mobile_width=&#8220;0&#8243; width=&#8220;6\/12&#8243; uncode_shortcode_id=&#8220;573911&#8243;][vc_custom_heading text_font=&#8220;font-297081&#8243; text_size=&#8220;fontsize-155944&#8243; sub_lead=&#8220;yes&#8220; subheading=&#8220;Our event space in Berlin is designed according to the latest principles in sustainability and with functionality in mind, in order to provide a modern, minimalistic, and technologically advanced experience for you and your guests. The biophilic design concept can be seen throughout the entire event space, from the wooden surfaces and lighting solutions to the use of greenery. The venue can easily be customized to meet your needs, ensuring your comfort and event success.<\/p>\n<p>Get in touch to discuss how to make your next event unforgettable.&#8220; uncode_shortcode_id=&#8220;789921&#8243; text_color_type=&#8220;uncode-palette&#8220; text_color_solid=&#8220;#ff0000&#8243;]<a href=\"https:\/\/freiflaeche-berlin.com\/contact\/\">Sustainable &amp; Customizable Design<\/a>[\/vc_custom_heading][vc_button button_color=&#8220;accent&#8220; size=&#8220;btn-lg&#8220; outline=&#8220;yes&#8220; text_skin=&#8220;yes&#8220; custom_typo=&#8220;yes&#8220; font_family=&#8220;font-297081&#8243; font_weight=&#8220;600&#8243; border_width=&#8220;0&#8243; link=&#8220;url:https%3A%2F%2Ffreiflaeche-berlin.com%2Fcontact%2F|title:Boutique%20Eventspace%20-%20Contact%20Form&#8220; button_color_type=&#8220;uncode-palette&#8220; uncode_shortcode_id=&#8220;504113&#8243;]Inquire Now[\/vc_button][\/vc_column][\/vc_row]<\/p>\n<\/div>","protected":false},"excerpt":{"rendered":"<p>[vc_row row_height_percent=&#8220;100&#8243; override_padding=&#8220;yes&#8220; h_padding=&#8220;2&#8243; top_padding=&#8220;5&#8243; bottom_padding=&#8220;5&#8243; back_color=&#8220;color-rgdb&#8220; back_image=&#8220;117826&#8243; back_position=&#8220;center bottom&#8220; kburns=&#8220;yes&#8220; overlay_color=&#8220;color-rgdb&#8220; overlay_alpha=&#8220;20&#8243; gutter_size=&#8220;3&#8243; column_width_percent=&#8220;100&#8243; shift_y=&#8220;0&#8243; z_index=&#8220;0&#8243; enable_bottom_divider=&#8220;default&#8220; bottom_divider=&#8220;gradient&#8220; shape_bottom_h_use_pixel=&#8220;true&#8220; [&hellip;]<\/p>\n","protected":false},"author":1,"featured_media":0,"parent":0,"menu_order":0,"comment_status":"closed","ping_status":"closed","template":"","meta":{"footnotes":""},"class_list":["post-118385","page","type-page","status-publish","hentry"],"_links":{"self":[{"href":"https:\/\/freiflaeche-berlin.com\/de\/wp-json\/wp\/v2\/pages\/118385","targetHints":{"allow":["GET"]}}],"collection":[{"href":"https:\/\/freiflaeche-berlin.com\/de\/wp-json\/wp\/v2\/pages"}],"about":[{"href":"https:\/\/freiflaeche-berlin.com\/de\/wp-json\/wp\/v2\/types\/page"}],"author":[{"embeddable":true,"href":"https:\/\/freiflaeche-berlin.com\/de\/wp-json\/wp\/v2\/users\/1"}],"replies":[{"embeddable":true,"href":"https:\/\/freiflaeche-berlin.com\/de\/wp-json\/wp\/v2\/comments?post=118385"}],"version-history":[{"count":3,"href":"https:\/\/freiflaeche-berlin.com\/de\/wp-json\/wp\/v2\/pages\/118385\/revisions"}],"predecessor-version":[{"id":118398,"href":"https:\/\/freiflaeche-berlin.com\/de\/wp-json\/wp\/v2\/pages\/118385\/revisions\/118398"}],"wp:attachment":[{"href":"https:\/\/freiflaeche-berlin.com\/de\/wp-json\/wp\/v2\/media?parent=118385"}],"curies":[{"name":"wp","href":"https:\/\/api.w.org\/{rel}","templated":true}]}}