{"id":118443,"date":"2024-01-31T15:25:02","date_gmt":"2024-01-31T14:25:02","guid":{"rendered":"https:\/\/freiflaeche-berlin.com\/homepage-2024\/"},"modified":"2024-10-02T15:44:49","modified_gmt":"2024-10-02T13:44:49","slug":"home","status":"publish","type":"page","link":"https:\/\/freiflaeche-berlin.com\/de\/home\/","title":{"rendered":"Homepage 2024 DE"},"content":{"rendered":"<div class=\"wpb-content-wrapper\"><p>[vc_row row_height_percent=&#8220;100&#8243; override_padding=&#8220;yes&#8220; h_padding=&#8220;2&#8243; top_padding=&#8220;5&#8243; bottom_padding=&#8220;5&#8243; back_color=&#8220;color-rgdb&#8220; back_image=&#8220;117826&#8243; back_position=&#8220;center bottom&#8220; kburns=&#8220;yes&#8220; overlay_color=&#8220;color-rgdb&#8220; overlay_alpha=&#8220;20&#8243; gutter_size=&#8220;3&#8243; column_width_percent=&#8220;100&#8243; shift_y=&#8220;0&#8243; z_index=&#8220;0&#8243; enable_bottom_divider=&#8220;default&#8220; bottom_divider=&#8220;gradient&#8220; shape_bottom_h_use_pixel=&#8220;true&#8220; shape_bottom_height_percent=&#8220;60&#8243; shape_bottom_color=&#8220;color-rgdb&#8220; shape_bottom_opacity=&#8220;100&#8243; shape_bottom_index=&#8220;0&#8243; uncode_shortcode_id=&#8220;907075&#8243; back_color_type=&#8220;uncode-palette&#8220; overlay_color_type=&#8220;uncode-palette&#8220; shape_bottom_color_type=&#8220;uncode-palette&#8220;][vc_column column_width_use_pixel=&#8220;yes&#8220; position_vertical=&#8220;middle&#8220; align_horizontal=&#8220;align_center&#8220; gutter_size=&#8220;3&#8243; style=&#8220;dark&#8220; overlay_alpha=&#8220;50&#8243; shift_x=&#8220;0&#8243; shift_y=&#8220;0&#8243; shift_y_down=&#8220;0&#8243; z_index=&#8220;0&#8243; medium_width=&#8220;0&#8243; mobile_width=&#8220;0&#8243; css_animation=&#8220;bottom-t-top&#8220; animation_speed=&#8220;1000&#8243; animation_delay=&#8220;200&#8243; width=&#8220;1\/1&#8243; uncode_shortcode_id=&#8220;200034&#8243; column_width_pixel=&#8220;1000&#8243;][vc_custom_heading heading_semantic=&#8220;h3&#8243; text_font=&#8220;font-297081&#8243; text_size=&#8220;h6&#8243; text_weight=&#8220;500&#8243; text_transform=&#8220;uppercase&#8220; text_space=&#8220;fontspace-210350&#8243; css_animation=&#8220;curtain&#8220; animation_speed=&#8220;1000&#8243; mobile_visibility=&#8220;yes&#8220; uncode_shortcode_id=&#8220;755082&#8243;]Eventspace, Studio &amp; Bistro[\/vc_custom_heading][vc_custom_heading heading_semantic=&#8220;h1&#8243; text_font=&#8220;font-297081&#8243; text_size=&#8220;fontsize-338686&#8243; css_animation=&#8220;curtain&#8220; animation_speed=&#8220;1000&#8243; animation_delay=&#8220;100&#8243; interval_animation=&#8220;100&#8243; uncode_shortcode_id=&#8220;149862&#8243;]Exklusive Event-Locations in Berlin f\u00fcr <span class=\"split-word uncode-rotating-span uncode-rotating-text-start\" data-text=\"Konferenzen|Meetings|Video-Produktionen|Workshops\" data-fx=\"zoom\">&nbsp;<\/span><span class=\"split-word word1\"><span class=\"split-word-flow\"><span class=\"split-word-inner\"><span class=\"split-char char92\">W<\/span><span class=\"split-char char93\">o<\/span><span class=\"split-char char94\">r<\/span><span class=\"split-char char95\">k<\/span><span class=\"split-char char96\">s<\/span><span class=\"split-char char97\">h<\/span><span class=\"split-char char98\">o<\/span><span class=\"split-char char99\">p<\/span><span class=\"split-char char100\">s<\/span><\/span><\/span><\/span><span class=\"split-word uncode-rotating-span uncode-rotating-text-end\">&nbsp;<\/span>[\/vc_custom_heading][\/vc_column][\/vc_row][vc_row row_height_percent=&#8220;0&#8243; override_padding=&#8220;yes&#8220; h_padding=&#8220;2&#8243; top_padding=&#8220;5&#8243; bottom_padding=&#8220;5&#8243; back_color=&#8220;color-xsdn&#8220; overlay_alpha=&#8220;50&#8243; gutter_size=&#8220;4&#8243; column_width_percent=&#8220;100&#8243; shift_y=&#8220;0&#8243; z_index=&#8220;0&#8243; inverted_device_order=&#8220;yes&#8220; uncode_shortcode_id=&#8220;118587&#8243; back_color_type=&#8220;uncode-palette&#8220;][vc_column column_width_percent=&#8220;100&#8243; position_horizontal=&#8220;left&#8220; position_vertical=&#8220;middle&#8220; gutter_size=&#8220;3&#8243; font_family=&#8220;font-136269&#8243; overlay_alpha=&#8220;50&#8243; shift_x=&#8220;0&#8243; shift_y=&#8220;0&#8243; shift_y_down=&#8220;0&#8243; z_index=&#8220;0&#8243; medium_width=&#8220;4&#8243; align_mobile=&#8220;align_center_mobile&#8220; mobile_width=&#8220;0&#8243; width=&#8220;1\/2&#8243; uncode_shortcode_id=&#8220;910195&#8243;][vc_custom_heading heading_semantic=&#8220;h3&#8243; text_size=&#8220;fontsize-155944&#8243; sub_lead=&#8220;yes&#8220; subheading=&#8220;Mit einem modernen und nachhaltigem Design und hochwertigen M\u00f6beln bieten sich unsere R\u00e4ume ideal f\u00fcr Workshops &amp; Meetings f\u00fcr bis zu 40 Personen an. &#8220; uncode_shortcode_id=&#8220;772394&#8243;]<a href=\"https:\/\/freiflaeche-berlin.com\/de\/eventlocation\/workshop-meetingraum\/\">Wundersch\u00f6ne Workshop- und Meetingr\u00e4ume<\/a>[\/vc_custom_heading][vc_button button_color=&#8220;color-uydo&#8220; size=&#8220;btn-lg&#8220; outline=&#8220;yes&#8220; text_skin=&#8220;yes&#8220; border_width=&#8220;0&#8243; link=&#8220;url:https%3A%2F%2Ffreiflaeche-berlin.com%2Fde%2Feventlocation%2Fworkshop-meetingraum%2F|title:Workshop-%20%26%20Meetingr%C3%A4ume|target:_blank&#8220; button_color_type=&#8220;uncode-palette&#8220; uncode_shortcode_id=&#8220;208387&#8243;]MEHR INFORMATIONEN[\/vc_button][\/vc_column][vc_column column_width_percent=&#8220;100&#8243; gutter_size=&#8220;3&#8243; overlay_alpha=&#8220;50&#8243; shift_x=&#8220;0&#8243; shift_y=&#8220;0&#8243; shift_y_down=&#8220;0&#8243; z_index=&#8220;0&#8243; medium_width=&#8220;4&#8243; mobile_width=&#8220;0&#8243; width=&#8220;1\/2&#8243; el_class=&#8220;image-card image-card-inverted image-card-triple&#8220; uncode_shortcode_id=&#8220;222494&#8243;][vc_single_image media=&#8220;118343&#8243; media_width_percent=&#8220;100&#8243; media_ratio=&#8220;one-one&#8220; alignment=&#8220;right&#8220; shadow=&#8220;yes&#8220; shadow_weight=&#8220;std&#8220; uncode_shortcode_id=&#8220;173396&#8243; media_link=&#8220;url:https%3A%2F%2Ffreiflaeche-berlin.com%2Fde%2Feventlocation%2Fworkshop-meetingraum%2F|title:Workshop-%20%26%20Meetingr%C3%A4ume&#8220;][vc_single_image media=&#8220;118031&#8243; media_width_percent=&#8220;100&#8243; media_ratio=&#8220;one-one&#8220; alignment=&#8220;right&#8220; shadow=&#8220;yes&#8220; shadow_weight=&#8220;std&#8220; css_animation=&#8220;parallax&#8220; parallax_intensity=&#8220;2&#8243; uncode_shortcode_id=&#8220;201875&#8243; media_link=&#8220;url:https%3A%2F%2Ffreiflaeche-berlin.com%2Fde%2Feventlocation%2Fworkshop-meetingraum%2F|title:Workshop-%20%26%20Meetingr%C3%A4ume&#8220;][vc_single_image media=&#8220;118400&#8243; media_width_percent=&#8220;100&#8243; media_ratio=&#8220;one-one&#8220; alignment=&#8220;right&#8220; shadow=&#8220;yes&#8220; shadow_weight=&#8220;std&#8220; css_animation=&#8220;parallax&#8220; parallax_intensity=&#8220;3&#8243; uncode_shortcode_id=&#8220;195267&#8243; media_link=&#8220;url:https%3A%2F%2Ffreiflaeche-berlin.com%2Fde%2Feventlocation%2Fworkshop-meetingraum%2F|title:Workshop-%20%26%20Meetingr%C3%A4ume&#8220;][uncode_vertical_text position=&#8220;right&#8220; flip=&#8220;yes&#8220; vertical_text_h_pos=&#8220;1&#8243; z_index=&#8220;0&#8243; text_size=&#8220;h5&#8243; text_color=&#8220;accent&#8220; medium_visibility=&#8220;yes&#8220; mobile_visibility=&#8220;yes&#8220; uncode_shortcode_id=&#8220;446931&#8243; text_color_type=&#8220;uncode-palette&#8220;]WORKSHOP &amp; MEETINGR\u00c4UME[\/uncode_vertical_text][\/vc_column][\/vc_row][vc_row row_height_percent=&#8220;0&#8243; override_padding=&#8220;yes&#8220; h_padding=&#8220;2&#8243; top_padding=&#8220;5&#8243; bottom_padding=&#8220;5&#8243; back_color=&#8220;color-xsdn&#8220; overlay_alpha=&#8220;50&#8243; gutter_size=&#8220;4&#8243; column_width_percent=&#8220;100&#8243; shift_y=&#8220;0&#8243; z_index=&#8220;0&#8243; uncode_shortcode_id=&#8220;203108&#8243; back_color_type=&#8220;uncode-palette&#8220;][vc_column column_width_percent=&#8220;100&#8243; gutter_size=&#8220;3&#8243; overlay_alpha=&#8220;50&#8243; shift_x=&#8220;0&#8243; shift_y=&#8220;0&#8243; shift_y_down=&#8220;0&#8243; z_index=&#8220;0&#8243; medium_width=&#8220;4&#8243; mobile_width=&#8220;0&#8243; width=&#8220;6\/12&#8243; el_class=&#8220;image-card image-card-triple&#8220; uncode_shortcode_id=&#8220;327674&#8243;][vc_single_image media=&#8220;118053&#8243; media_width_percent=&#8220;100&#8243; media_ratio=&#8220;one-one&#8220; alignment=&#8220;right&#8220; shadow=&#8220;yes&#8220; shadow_weight=&#8220;std&#8220; uncode_shortcode_id=&#8220;784623&#8243;][vc_single_image media=&#8220;118084&#8243; media_width_percent=&#8220;100&#8243; media_ratio=&#8220;one-one&#8220; alignment=&#8220;right&#8220; shadow=&#8220;yes&#8220; shadow_weight=&#8220;std&#8220; css_animation=&#8220;parallax&#8220; parallax_intensity=&#8220;2&#8243; uncode_shortcode_id=&#8220;130579&#8243;][vc_single_image media=&#8220;118043&#8243; media_width_percent=&#8220;100&#8243; media_ratio=&#8220;one-one&#8220; alignment=&#8220;right&#8220; shadow=&#8220;yes&#8220; shadow_weight=&#8220;std&#8220; css_animation=&#8220;parallax&#8220; parallax_intensity=&#8220;3&#8243; uncode_shortcode_id=&#8220;180062&#8243;][uncode_vertical_text vertical_text_h_pos=&#8220;-1&#8243; z_index=&#8220;0&#8243; text_size=&#8220;h5&#8243; text_color=&#8220;accent&#8220; medium_visibility=&#8220;yes&#8220; mobile_visibility=&#8220;yes&#8220; uncode_shortcode_id=&#8220;747639&#8243; text_color_type=&#8220;uncode-palette&#8220;]KONFERENZ &amp; TAGUNGSR\u00c4UME[\/uncode_vertical_text][\/vc_column][vc_column column_width_percent=&#8220;100&#8243; position_horizontal=&#8220;left&#8220; position_vertical=&#8220;middle&#8220; gutter_size=&#8220;3&#8243; font_family=&#8220;font-136269&#8243; overlay_alpha=&#8220;50&#8243; shift_x=&#8220;0&#8243; shift_y=&#8220;0&#8243; shift_y_down=&#8220;0&#8243; z_index=&#8220;0&#8243; medium_width=&#8220;4&#8243; align_mobile=&#8220;align_center_mobile&#8220; mobile_width=&#8220;0&#8243; width=&#8220;6\/12&#8243; uncode_shortcode_id=&#8220;573911&#8243;][vc_custom_heading text_size=&#8220;fontsize-155944&#8243; sub_lead=&#8220;yes&#8220; subheading=&#8220;Mit unseren vollausgestatteten Konferenzr\u00e4umen, einem High-End Audio-Video-System und einem sagenhaftes in-house Catering bekommen sie alles aus einer Hand. Mit Platz f\u00fcr bis zu 80 Personen bietet die FreiFl\u00e4che einen exklusiven Ort f\u00fcr ihre n\u00e4chste Veranstaltung.&#8220; uncode_shortcode_id=&#8220;958585&#8243;]<a href=\"https:\/\/freiflaeche-berlin.com\/de\/eventlocation\/konferenz-tagungsraum\/\">Ma\u00dfgeschneiderte Konferenz- und Tagungsr\u00e4ume in Berlin<\/a>[\/vc_custom_heading][vc_button button_color=&#8220;color-uydo&#8220; size=&#8220;btn-lg&#8220; outline=&#8220;yes&#8220; text_skin=&#8220;yes&#8220; border_width=&#8220;0&#8243; link=&#8220;url:https%3A%2F%2Ffreiflaeche-berlin.com%2Fde%2Feventlocation%2Fkonferenz-tagungsraum%2F|title:Konferenz-%20und%20Tagungsr%C3%A4ume%20in%20Berlin|target:_blank&#8220; button_color_type=&#8220;uncode-palette&#8220; uncode_shortcode_id=&#8220;120352&#8243;]MEHR INFORMATIONEN[\/vc_button][\/vc_column][\/vc_row][vc_row row_height_percent=&#8220;0&#8243; override_padding=&#8220;yes&#8220; h_padding=&#8220;2&#8243; top_padding=&#8220;5&#8243; bottom_padding=&#8220;5&#8243; back_color=&#8220;color-xsdn&#8220; overlay_alpha=&#8220;0&#8243; equal_height=&#8220;yes&#8220; gutter_size=&#8220;3&#8243; column_width_percent=&#8220;100&#8243; shift_y=&#8220;0&#8243; z_index=&#8220;0&#8243; bottom_divider=&#8220;gradient&#8220; el_class=&#8220;row-letaral section-lateral row-horizontal-display overflow-hidden shape-bg additions&#8220; uncode_shortcode_id=&#8220;844707&#8243; back_color_type=&#8220;uncode-palette&#8220;][vc_column column_width_use_pixel=&#8220;yes&#8220; position_vertical=&#8220;middle&#8220; align_horizontal=&#8220;align_center&#8220; gutter_size=&#8220;3&#8243; overlay_alpha=&#8220;50&#8243; shift_x=&#8220;0&#8243; shift_y=&#8220;0&#8243; shift_y_down=&#8220;0&#8243; z_index=&#8220;0&#8243; medium_width=&#8220;0&#8243; mobile_width=&#8220;0&#8243; width=&#8220;1\/1&#8243;][vc_row_inner row_inner_height_percent=&#8220;0&#8243; overlay_alpha=&#8220;50&#8243; gutter_size=&#8220;3&#8243; shift_y=&#8220;0&#8243; z_index=&#8220;0&#8243; limit_content=&#8220;&#8220;][vc_column_inner column_width_use_pixel=&#8220;yes&#8220; align_horizontal=&#8220;align_center&#8220; gutter_size=&#8220;2&#8243; overlay_alpha=&#8220;50&#8243; shift_x=&#8220;0&#8243; shift_y=&#8220;0&#8243; shift_y_down=&#8220;0&#8243; z_index=&#8220;0&#8243; medium_width=&#8220;0&#8243; mobile_width=&#8220;0&#8243; width=&#8220;1\/1&#8243; column_width_pixel=&#8220;800&#8243;][vc_custom_heading heading_semantic=&#8220;h3&#8243; text_size=&#8220;h1&#8243; uncode_shortcode_id=&#8220;214537&#8243;]Unsere Highlights[\/vc_custom_heading][vc_column_text text_lead=&#8220;yes&#8220;]Change the color to match your brand or vision, add your logo, choose the perfect layout, modify menu settings, add animations, add shape dividers, increase engagement with call to action and more.[\/vc_column_text][\/vc_column_inner][\/vc_row_inner][vc_empty_space empty_h=&#8220;2&#8243;][vc_row_inner row_inner_height_percent=&#8220;0&#8243; overlay_alpha=&#8220;100&#8243; gutter_size=&#8220;4&#8243; shift_y=&#8220;0&#8243; z_index=&#8220;0&#8243; limit_content=&#8220;&#8220;][vc_column_inner column_width_percent=&#8220;100&#8243; gutter_size=&#8220;3&#8243; overlay_alpha=&#8220;100&#8243; shift_x=&#8220;0&#8243; shift_y=&#8220;0&#8243; z_index=&#8220;0&#8243; medium_width=&#8220;2&#8243; align_mobile=&#8220;align_center_mobile&#8220; mobile_width=&#8220;0&#8243; zoom_width=&#8220;0&#8243; zoom_height=&#8220;0&#8243; width=&#8220;1\/4&#8243;][vc_custom_heading heading_semantic=&#8220;h3&#8243; text_size=&#8220;h4&#8243; sub_reduced=&#8220;yes&#8220; subheading=&#8220;Perfekt aufeinander abgestimmte Mikrofone (Sennheiser Speechline) und einem exklusiven Fohhn Lautsprechersystem ausgestattet.&#8220; uncode_shortcode_id=&#8220;214267&#8243;]High-End Audio[\/vc_custom_heading][\/vc_column_inner][vc_column_inner column_width_percent=&#8220;100&#8243; gutter_size=&#8220;3&#8243; overlay_alpha=&#8220;100&#8243; shift_x=&#8220;0&#8243; shift_y=&#8220;0&#8243; z_index=&#8220;0&#8243; medium_width=&#8220;2&#8243; align_mobile=&#8220;align_center_mobile&#8220; mobile_width=&#8220;0&#8243; zoom_width=&#8220;0&#8243; zoom_height=&#8220;0&#8243; width=&#8220;1\/4&#8243;][vc_custom_heading heading_semantic=&#8220;h3&#8243; text_size=&#8220;h4&#8243; sub_reduced=&#8220;yes&#8220; subheading=&#8220;4K Displays von bis zu 98 Zoll bieten immer ein gestochen scharfes Bild. \u00dcber eine Videoregie k\u00f6nnen wir problemlos alle R\u00e4ume zeitgleich bespielen.&#8220; uncode_shortcode_id=&#8220;965384&#8243;]Pixel-Perfect[\/vc_custom_heading][\/vc_column_inner][vc_column_inner column_width_percent=&#8220;100&#8243; gutter_size=&#8220;3&#8243; overlay_alpha=&#8220;100&#8243; shift_x=&#8220;0&#8243; shift_y=&#8220;0&#8243; z_index=&#8220;0&#8243; medium_width=&#8220;2&#8243; align_mobile=&#8220;align_center_mobile&#8220; mobile_width=&#8220;0&#8243; zoom_width=&#8220;0&#8243; zoom_height=&#8220;0&#8243; width=&#8220;1\/4&#8243;][vc_custom_heading heading_semantic=&#8220;h3&#8243; text_size=&#8220;h4&#8243; sub_reduced=&#8220;yes&#8220; subheading=&#8220;Verwandeln Sie Ihre Veranstaltung im Handumdrehen in ein Hybrid-Event in bester Audio- &amp; Videoqualit\u00e4t. Unsere Videoteam unterst\u00fctzt sie gerne.&#8220; uncode_shortcode_id=&#8220;288965&#8243;]Hybrid Ready[\/vc_custom_heading][\/vc_column_inner][vc_column_inner column_width_percent=&#8220;100&#8243; gutter_size=&#8220;3&#8243; overlay_alpha=&#8220;50&#8243; shift_x=&#8220;0&#8243; shift_y=&#8220;0&#8243; z_index=&#8220;0&#8243; medium_width=&#8220;2&#8243; align_mobile=&#8220;align_center_mobile&#8220; mobile_width=&#8220;0&#8243; width=&#8220;1\/4&#8243;][vc_custom_heading heading_semantic=&#8220;h3&#8243; text_size=&#8220;h4&#8243; sub_reduced=&#8220;yes&#8220; subheading=&#8220;Ob Fr\u00fchst\u00fccksempfang, Lunch-Menu oder Dinner-Event. Verw\u00f6hnen Sie Ihre G\u00e4ste mit k\u00f6stlichen veganen, vegetarischen und pescetarischen Men\u00fcs in bester Bio-Qualit\u00e4t. &#8220; uncode_shortcode_id=&#8220;141164&#8243;]In-House Catering[\/vc_custom_heading][\/vc_column_inner][\/vc_row_inner][vc_row_inner row_inner_height_percent=&#8220;0&#8243; overlay_alpha=&#8220;100&#8243; gutter_size=&#8220;4&#8243; shift_y=&#8220;0&#8243; z_index=&#8220;0&#8243; limit_content=&#8220;&#8220;][vc_column_inner column_width_percent=&#8220;100&#8243; gutter_size=&#8220;3&#8243; overlay_alpha=&#8220;100&#8243; shift_x=&#8220;0&#8243; shift_y=&#8220;0&#8243; z_index=&#8220;0&#8243; medium_width=&#8220;2&#8243; align_mobile=&#8220;align_center_mobile&#8220; mobile_width=&#8220;0&#8243; zoom_width=&#8220;0&#8243; zoom_height=&#8220;0&#8243; width=&#8220;1\/4&#8243;][vc_custom_heading heading_semantic=&#8220;h3&#8243; text_size=&#8220;h4&#8243; sub_reduced=&#8220;yes&#8220; subheading=&#8220;Egal ob 10 oder 100 G\u00e4ste, eine dedizierte Glasfaser-Infrastruktur (FTTP) bietet High-Speed Internet.<br \/>\nEin spezielles Bonding-System sorgt f\u00fcr zus\u00e4tzliche Sicherheit.&#8220; uncode_shortcode_id=&#8220;165277&#8243; text_color_type=&#8220;uncode-palette&#8220; text_color_solid=&#8220;#ff0000&#8243;]High-Speed Internet[\/vc_custom_heading][\/vc_column_inner][vc_column_inner column_width_percent=&#8220;100&#8243; gutter_size=&#8220;3&#8243; overlay_alpha=&#8220;100&#8243; shift_x=&#8220;0&#8243; shift_y=&#8220;0&#8243; z_index=&#8220;0&#8243; medium_width=&#8220;2&#8243; align_mobile=&#8220;align_center_mobile&#8220; mobile_width=&#8220;0&#8243; zoom_width=&#8220;0&#8243; zoom_height=&#8220;0&#8243; width=&#8220;1\/4&#8243;][vc_custom_heading heading_semantic=&#8220;h3&#8243; text_size=&#8220;h4&#8243; sub_reduced=&#8220;yes&#8220; subheading=&#8220;Direkt zwischen Potsdamer Platz und Kurf\u00fcrstendamm sind wir super zentral gelegen und von \u00fcberall aus gut zu erreichen. &#8220; uncode_shortcode_id=&#8220;176176&#8243;]Zentral gelegen[\/vc_custom_heading][\/vc_column_inner][vc_column_inner column_width_percent=&#8220;100&#8243; gutter_size=&#8220;3&#8243; overlay_alpha=&#8220;100&#8243; shift_x=&#8220;0&#8243; shift_y=&#8220;0&#8243; z_index=&#8220;0&#8243; medium_width=&#8220;2&#8243; align_mobile=&#8220;align_center_mobile&#8220; mobile_width=&#8220;0&#8243; zoom_width=&#8220;0&#8243; zoom_height=&#8220;0&#8243; width=&#8220;1\/4&#8243;][vc_custom_heading heading_semantic=&#8220;h3&#8243; text_size=&#8220;h4&#8243; sub_reduced=&#8220;yes&#8220; subheading=&#8220;Alle unsere R\u00e4ume haben bodentiefe Fenster und einen direkten Zugang nach drau\u00dfen. So gibt es immer gen\u00fcgen Licht und frische Luft.&#8220; uncode_shortcode_id=&#8220;121923&#8243;]Tageslicht[\/vc_custom_heading][\/vc_column_inner][vc_column_inner column_width_percent=&#8220;100&#8243; gutter_size=&#8220;3&#8243; overlay_alpha=&#8220;50&#8243; shift_x=&#8220;0&#8243; shift_y=&#8220;0&#8243; z_index=&#8220;0&#8243; medium_width=&#8220;2&#8243; align_mobile=&#8220;align_center_mobile&#8220; mobile_width=&#8220;0&#8243; width=&#8220;1\/4&#8243;][vc_custom_heading heading_semantic=&#8220;h3&#8243; text_size=&#8220;h4&#8243; sub_reduced=&#8220;yes&#8220; subheading=&#8220;Ob f\u00fcr Pausen, Breakouts als Networking-Area, ein absolutes Highlight im Sommer ist unser 500 qm gro\u00dfer Innenhof der exklusiv genutzt werden kann. &#8220; uncode_shortcode_id=&#8220;458669&#8243;]Innenhof[\/vc_custom_heading][\/vc_column_inner][\/vc_row_inner][vc_empty_space empty_h=&#8220;2&#8243;][vc_button button_color=&#8220;accent&#8220; outline=&#8220;yes&#8220; border_width=&#8220;0&#8243; link=&#8220;url:https%3A%2F%2Ffreiflaeche-berlin.com%2Fde%2Fkontakt%2F|title:Kontakt&#8220; button_color_type=&#8220;uncode-palette&#8220; uncode_shortcode_id=&#8220;181674&#8243;]JETZT ANFRAGEN[\/vc_button][\/vc_column][\/vc_row][vc_row unlock_row_content=&#8220;yes&#8220; row_height_percent=&#8220;0&#8243; override_padding=&#8220;yes&#8220; h_padding=&#8220;0&#8243; top_padding=&#8220;5&#8243; bottom_padding=&#8220;0&#8243; overlay_alpha=&#8220;100&#8243; gutter_size=&#8220;100&#8243; column_width_percent=&#8220;100&#8243; shift_y=&#8220;0&#8243; z_index=&#8220;0&#8243; style=&#8220;inherited&#8220; uncode_shortcode_id=&#8220;451034&#8243;][vc_column column_width_percent=&#8220;100&#8243; align_horizontal=&#8220;align_center&#8220; gutter_size=&#8220;3&#8243; overlay_alpha=&#8220;50&#8243; shift_x=&#8220;0&#8243; shift_y=&#8220;0&#8243; medium_width=&#8220;0&#8243; zoom_width=&#8220;0&#8243; zoom_height=&#8220;0&#8243; width=&#8220;1\/1&#8243;][vc_gallery el_id=&#8220;gallery-3&#8243; medias=&#8220;118343,118196,118257,118122,118256,118255,117752,117828&#8243; gutter_size=&#8220;1&#8243; media_items=&#8220;media,icon&#8220; screen_lg=&#8220;1000&#8243; screen_md=&#8220;600&#8243; screen_sm=&#8220;480&#8243; single_width=&#8220;3&#8243; images_size=&#8220;three-two&#8220; single_overlay_opacity=&#8220;50&#8243; single_text_anim_type=&#8220;btt&#8220; single_h_align=&#8220;center&#8220; single_padding=&#8220;2&#8243; single_icon=&#8220;fa fa-search3&#8243; single_border=&#8220;yes&#8220; single_css_animation=&#8220;bottom-t-top&#8220; single_animation_delay=&#8220;200&#8243; lbox_caption=&#8220;yes&#8220; no_double_tap=&#8220;yes&#8220; carousel_rtl=&#8220;&#8220; single_title_uppercase=&#8220;&#8220; single_title_bold=&#8220;&#8220; single_title_serif=&#8220;&#8220; onclick=&#8220;link_image&#8220; custom_links_target=&#8220;_self&#8220; items=&#8220;eyI4ODY4X2kiOnsic2luZ2xlX3dpZHRoIjoiNCIsInNpbmdsZV9oZWlnaHQiOiI0In0sIjg4NjJfaSI6eyJzaW5nbGVfd2lkdGgiOiI0Iiwic2luZ2xlX2hlaWdodCI6IjQifSwiODg2MF9pIjp7InNpbmdsZV93aWR0aCI6IjQifX0=&#8220; single_half_padding=&#8220;&#8220; single_no_background=&#8220;&#8220; uncode_shortcode_id=&#8220;333855&#8243;][\/vc_column][\/vc_row]<\/p>\n<\/div>","protected":false},"excerpt":{"rendered":"<p>[vc_row row_height_percent=&#8220;100&#8243; override_padding=&#8220;yes&#8220; h_padding=&#8220;2&#8243; top_padding=&#8220;5&#8243; bottom_padding=&#8220;5&#8243; back_color=&#8220;color-rgdb&#8220; back_image=&#8220;117826&#8243; back_position=&#8220;center bottom&#8220; kburns=&#8220;yes&#8220; overlay_color=&#8220;color-rgdb&#8220; overlay_alpha=&#8220;20&#8243; gutter_size=&#8220;3&#8243; column_width_percent=&#8220;100&#8243; shift_y=&#8220;0&#8243; z_index=&#8220;0&#8243; enable_bottom_divider=&#8220;default&#8220; bottom_divider=&#8220;gradient&#8220; shape_bottom_h_use_pixel=&#8220;true&#8220; [&hellip;]<\/p>\n","protected":false},"author":1,"featured_media":0,"parent":0,"menu_order":0,"comment_status":"closed","ping_status":"closed","template":"","meta":{"footnotes":""},"class_list":["post-118443","page","type-page","status-publish","hentry"],"_links":{"self":[{"href":"https:\/\/freiflaeche-berlin.com\/de\/wp-json\/wp\/v2\/pages\/118443","targetHints":{"allow":["GET"]}}],"collection":[{"href":"https:\/\/freiflaeche-berlin.com\/de\/wp-json\/wp\/v2\/pages"}],"about":[{"href":"https:\/\/freiflaeche-berlin.com\/de\/wp-json\/wp\/v2\/types\/page"}],"author":[{"embeddable":true,"href":"https:\/\/freiflaeche-berlin.com\/de\/wp-json\/wp\/v2\/users\/1"}],"replies":[{"embeddable":true,"href":"https:\/\/freiflaeche-berlin.com\/de\/wp-json\/wp\/v2\/comments?post=118443"}],"version-history":[{"count":6,"href":"https:\/\/freiflaeche-berlin.com\/de\/wp-json\/wp\/v2\/pages\/118443\/revisions"}],"predecessor-version":[{"id":118920,"href":"https:\/\/freiflaeche-berlin.com\/de\/wp-json\/wp\/v2\/pages\/118443\/revisions\/118920"}],"wp:attachment":[{"href":"https:\/\/freiflaeche-berlin.com\/de\/wp-json\/wp\/v2\/media?parent=118443"}],"curies":[{"name":"wp","href":"https:\/\/api.w.org\/{rel}","templated":true}]}}